{"id":1491,"date":"2021-08-06T12:01:59","date_gmt":"2021-08-06T10:01:59","guid":{"rendered":"http:\/\/jcmaisse.fr\/?page_id=1491"},"modified":"2022-09-07T13:10:16","modified_gmt":"2022-09-07T11:10:16","slug":"2020-2021","status":"publish","type":"page","link":"https:\/\/jcmaisse.fr\/index.php\/archives\/2020-2021\/","title":{"rendered":"2020\/2021"},"content":{"rendered":"\n<div id=\"block-e860be1a-8dbf-4989-8411-f988beb53cb6\" class=\"block-editor-block-list__block wp-block is-multi-selected\" tabindex=\"0\" role=\"document\" aria-label=\"Bloc\u00a0: Paragraphe classique\" data-block=\"e860be1a-8dbf-4989-8411-f988beb53cb6\" data-type=\"tadv\/classic-paragraph\" data-title=\"Paragraphe classique\">\n<div id=\"block-e860be1a-8dbf-4989-8411-f988beb53cb6\" class=\"block-editor-block-list__block wp-block is-multi-selected\" tabindex=\"0\" role=\"document\" aria-label=\"Bloc\u00a0: Paragraphe classique\" data-block=\"e860be1a-8dbf-4989-8411-f988beb53cb6\" data-type=\"tadv\/classic-paragraph\" data-title=\"Paragraphe classique\">\n<div id=\"editor-e860be1a-8dbf-4989-8411-f988beb53cb6\" class=\"wp-block-freeform block-library-rich-text__tinymce tma-classic-paragraph mce-content-body html5-captions mce-edit-focus\" style=\"position: relative;\" contenteditable=\"true\">\n<h2><span style=\"color: #000000;\">Vide Grenier<\/span><\/h2>\n<p>Le JCM organise le jeudi 26 Mai 2022 un vide grenier au stade de Maisse de 08h00 \u00e0 18h00.<\/p>\n<p>Venez nombreux.<\/p>\n<p>\u00a0<\/p>\n<\/div>\n<\/div>\n<\/div>\n<div id=\"block-37d10bc9-fdc3-4c22-b235-a709fcc95a09\" class=\"block-editor-block-list__block wp-block wp-container-3 is-layout-default is-multi-selected wp-block-group\" tabindex=\"0\" role=\"document\" aria-label=\"Bloc\u00a0: Groupe\" data-block=\"37d10bc9-fdc3-4c22-b235-a709fcc95a09\" data-type=\"core\/group\" data-title=\"Groupe\">\n<div class=\"wp-block-group__inner-container block-editor-block-list__layout\" data-is-drop-zone=\"true\">\n<h2 id=\"block-dfe0f1c3-7321-43c4-92a0-e411d8d4dad6\" class=\"block-editor-rich-text__editable block-editor-block-list__block wp-block wp-block-heading rich-text\" style=\"white-space: pre-wrap; min-width: 1px;\" tabindex=\"0\" role=\"document\" contenteditable=\"true\" aria-multiline=\"true\" aria-label=\"Bloc\u00a0: Titre\" data-block=\"dfe0f1c3-7321-43c4-92a0-e411d8d4dad6\" data-type=\"core\/heading\" data-title=\"Titre\"><strong><a href=\"https:\/\/jcmaisse.fr\/wp-admin\/post.php?post=1612&amp;action=edit\">Coupes Essonne Minimes et Cadettes du 10 Octobre 2021 \u00e0 Br\u00e9tigny-sur-Orge<\/a><\/strong><\/h2>\n<div id=\"block-e94b0144-b549-4874-933a-6b01250d5518\" class=\"block-editor-block-list__block wp-block wp-container-5 is-layout-default wp-block-group\" tabindex=\"0\" role=\"document\" aria-label=\"Bloc\u00a0: Groupe\" data-block=\"e94b0144-b549-4874-933a-6b01250d5518\" data-type=\"core\/group\" data-title=\"Groupe\">\n<div class=\"wp-block-group__inner-container block-editor-block-list__layout\" data-is-drop-zone=\"true\">\n<div id=\"block-cfad558d-39c6-4e10-aef0-8c9676496d19\" class=\"block-editor-block-list__block wp-block\" tabindex=\"0\" role=\"document\" aria-label=\"Bloc\u00a0: Paragraphe classique\" data-block=\"cfad558d-39c6-4e10-aef0-8c9676496d19\" data-type=\"tadv\/classic-paragraph\" data-title=\"Paragraphe classique\">\n<div id=\"block-cfad558d-39c6-4e10-aef0-8c9676496d19\" class=\"block-editor-block-list__block wp-block\" tabindex=\"0\" role=\"document\" aria-label=\"Bloc\u00a0: Paragraphe classique\" data-block=\"cfad558d-39c6-4e10-aef0-8c9676496d19\" data-type=\"tadv\/classic-paragraph\" data-title=\"Paragraphe classique\">\n<div id=\"toolbar-cfad558d-39c6-4e10-aef0-8c9676496d19\" class=\"block-library-classic__toolbar tma-classic-paragraph__toolbar has-advanced-toolbar\" data-placeholder=\"Paragraphe classique\">\u00a0<\/div>\n<div id=\"editor-cfad558d-39c6-4e10-aef0-8c9676496d19\" class=\"wp-block-freeform block-library-rich-text__tinymce tma-classic-paragraph mce-content-body html5-captions\" style=\"position: relative;\" contenteditable=\"true\">\n<p>Cinq Maissois ont particip\u00e9 \u00e0 cet \u00e9v\u00e8nement :<\/p>\n<ul>\n<li>MINIMES -38 : Nathan JEAMBEAU &#8211; 3\u00e8me<\/li>\n<li>MINIMES -73 : Samuel CHANCLUD LECLERC &#8211; non class\u00e9<\/li>\n<li>MINIMES -44 : Yannaelle VOLTAIRE &#8211; 3\u00e8me<\/li>\n<li>MINIMES -52 : Liz\u00e9a MONTELLA &#8211; non class\u00e9e<\/li>\n<li>CADETTES -63 : Susie MONTAGNE &#8211; 2\u00e8me<\/li>\n<\/ul>\n<style type=\"text\/css\">\n#foogallery-gallery-1591 .fg-image { width: 150px; }\n#foogallery-gallery-1591 { --fg-gutter: 10px; }<\/style>\n\t\t\t<div class=\"foogallery foogallery-container foogallery-default foogallery-lightbox-foobox fg-center fg-default fg-ready fg-light fg-border-thin fg-shadow-outline fg-loading-default fg-loaded-fade-in fg-caption-hover fg-hover-fade fg-hover-zoom\" id=\"foogallery-gallery-1591\" data-foogallery=\"{&quot;item&quot;:{&quot;showCaptionTitle&quot;:true,&quot;showCaptionDescription&quot;:true},&quot;lazy&quot;:true}\" style=\"--fg-title-line-clamp: 0; --fg-description-line-clamp: 0;\" >\n\t<div class=\"fg-item fg-type-image fg-idle\"><figure class=\"fg-item-inner\"><a href=\"https:\/\/jcmaisse.fr\/wp-content\/uploads\/2021\/11\/20211010_1146410-3-scaled.jpg\" data-attachment-id=\"1593\" data-type=\"image\" class=\"fg-thumb\"><span class=\"fg-image-wrap\"><img decoding=\"async\" width=\"150\" height=\"150\" class=\"skip-lazy fg-image\" data-src-fg=\"https:\/\/jcmaisse.fr\/wp-content\/uploads\/cache\/2021\/11\/20211010_1146410-3-scaled\/4271974806.jpg\" src=\"data:image\/svg+xml,%3Csvg%20xmlns%3D%22http%3A%2F%2Fwww.w3.org%2F2000%2Fsvg%22%20width%3D%22150%22%20height%3D%22150%22%20viewBox%3D%220%200%20150%20150%22%3E%3C%2Fsvg%3E\" loading=\"eager\"><\/span><span class=\"fg-image-overlay\"><\/span><\/a><\/figure><div class=\"fg-loader\"><\/div><\/div><div class=\"fg-item fg-type-image fg-idle\"><figure class=\"fg-item-inner\"><a href=\"https:\/\/jcmaisse.fr\/wp-content\/uploads\/2021\/11\/20211010_114445-5-5-scaled.jpg\" data-attachment-id=\"1594\" data-type=\"image\" class=\"fg-thumb\"><span class=\"fg-image-wrap\"><img decoding=\"async\" width=\"150\" height=\"150\" class=\"skip-lazy fg-image\" data-src-fg=\"https:\/\/jcmaisse.fr\/wp-content\/uploads\/cache\/2021\/11\/20211010_114445-5-5-scaled\/3894651562.jpg\" src=\"data:image\/svg+xml,%3Csvg%20xmlns%3D%22http%3A%2F%2Fwww.w3.org%2F2000%2Fsvg%22%20width%3D%22150%22%20height%3D%22150%22%20viewBox%3D%220%200%20150%20150%22%3E%3C%2Fsvg%3E\" loading=\"eager\"><\/span><span class=\"fg-image-overlay\"><\/span><\/a><\/figure><div class=\"fg-loader\"><\/div><\/div><div class=\"fg-item fg-type-image fg-idle\"><figure class=\"fg-item-inner\"><a href=\"https:\/\/jcmaisse.fr\/wp-content\/uploads\/2021\/11\/Snapchat-1927059308-3-1-rotated.jpg\" data-attachment-id=\"1595\" data-type=\"image\" class=\"fg-thumb\"><span class=\"fg-image-wrap\"><img decoding=\"async\" width=\"150\" height=\"150\" class=\"skip-lazy fg-image\" data-src-fg=\"https:\/\/jcmaisse.fr\/wp-content\/uploads\/cache\/2021\/11\/Snapchat-1927059308-3-1-rotated\/326322876.jpg\" src=\"data:image\/svg+xml,%3Csvg%20xmlns%3D%22http%3A%2F%2Fwww.w3.org%2F2000%2Fsvg%22%20width%3D%22150%22%20height%3D%22150%22%20viewBox%3D%220%200%20150%20150%22%3E%3C%2Fsvg%3E\" loading=\"eager\"><\/span><span class=\"fg-image-overlay\"><\/span><\/a><\/figure><div class=\"fg-loader\"><\/div><\/div><\/div>\n\n<p>F\u00e9licitations \u00e0 tous les participants.<\/p>\n<p>\u00a0<\/p>\n<\/div>\n<\/div>\n<\/div>\n<\/div>\n<\/div>\n<\/div>\n<\/div>\n<div class=\"wp-block\" data-align=\"center\">\n<figure id=\"block-eafcb6e4-6bd5-41f7-8c9e-50a6e28d671d\" class=\"block-editor-block-list__block wp-elements-7 is-multi-selected wp-block-table\" tabindex=\"0\" role=\"document\" aria-label=\"Bloc\u00a0: Tableau\" data-block=\"eafcb6e4-6bd5-41f7-8c9e-50a6e28d671d\" data-type=\"core\/table\" data-title=\"Tableau\">\n<table>\n<thead><\/thead>\n<tbody>\n<tr>\n<td class=\"block-editor-rich-text__editable wp-block-table__cell-content rich-text\" style=\"white-space: pre-wrap; min-width: 1px;\" role=\"textbox\" contenteditable=\"true\" aria-multiline=\"true\" aria-label=\"Texte de la cellule du corps\">Le calendrier des comp\u00e9titions<\/td>\n<td class=\"block-editor-rich-text__editable wp-block-table__cell-content rich-text\" style=\"white-space: pre-wrap; min-width: 1px;\" role=\"textbox\" contenteditable=\"true\" aria-multiline=\"true\" aria-label=\"Texte de la cellule du corps\">Le calendrier des stages<\/td>\n<\/tr>\n<tr>\n<td class=\"block-editor-rich-text__editable wp-block-table__cell-content rich-text\" style=\"white-space: pre-wrap; min-width: 1px;\" role=\"textbox\" contenteditable=\"true\" aria-multiline=\"true\" aria-label=\"Texte de la cellule du corps\"><a href=\"https:\/\/jcmaisse.fr\/wp-content\/uploads\/2021\/09\/Competitions-CALENDRIER-21-22-en-date-du-13-09-21-V2.xlsx.pdf\" target=\"_blank\" rel=\"noreferrer noopener\" data-type=\"URL\" data-id=\"https:\/\/jcmaisse.fr\/wp-content\/uploads\/2021\/09\/Competitions-CALENDRIER-21-22-en-date-du-13-09-21-V2.xlsx.pdf\"><img data-recalc-dims=\"1\" loading=\"lazy\" decoding=\"async\" width=\"150\" height=\"103\" data-attachment-id=\"1519\" data-permalink=\"https:\/\/jcmaisse.fr\/competition\/\" data-orig-file=\"https:\/\/i0.wp.com\/jcmaisse.fr\/wp-content\/uploads\/2021\/09\/Competition.jpg?fit=228%2C156&amp;ssl=1\" data-orig-size=\"228,156\" data-comments-opened=\"0\" data-image-meta=\"{&quot;aperture&quot;:&quot;0&quot;,&quot;credit&quot;:&quot;PENC Philippe&quot;,&quot;camera&quot;:&quot;&quot;,&quot;caption&quot;:&quot;&quot;,&quot;created_timestamp&quot;:&quot;1632051709&quot;,&quot;copyright&quot;:&quot;&quot;,&quot;focal_length&quot;:&quot;0&quot;,&quot;iso&quot;:&quot;0&quot;,&quot;shutter_speed&quot;:&quot;0&quot;,&quot;title&quot;:&quot;&quot;,&quot;orientation&quot;:&quot;0&quot;}\" data-image-title=\"Competition\" data-image-description=\"\" data-image-caption=\"\" data-medium-file=\"https:\/\/i0.wp.com\/jcmaisse.fr\/wp-content\/uploads\/2021\/09\/Competition.jpg?fit=228%2C156&amp;ssl=1\" data-large-file=\"https:\/\/i0.wp.com\/jcmaisse.fr\/wp-content\/uploads\/2021\/09\/Competition.jpg?fit=228%2C156&amp;ssl=1\" class=\"wp-image-1519\" style=\"width: 150px;\" src=\"https:\/\/i0.wp.com\/jcmaisse.fr\/wp-content\/uploads\/2021\/09\/Competition.jpg?resize=150%2C103&#038;ssl=1\" alt=\"\" \/><\/a><\/td>\n<td class=\"block-editor-rich-text__editable wp-block-table__cell-content rich-text\" style=\"white-space: pre-wrap; min-width: 1px;\" role=\"textbox\" contenteditable=\"true\" aria-multiline=\"true\" aria-label=\"Texte de la cellule du corps\"><a href=\"https:\/\/jcmaisse.fr\/wp-content\/uploads\/2021\/09\/Formations-Stages-CALENDRIER-21-22-en-date-du-17-09-21-V2.xlsx.pdf\" data-type=\"URL\" data-id=\"https:\/\/jcmaisse.fr\/wp-content\/uploads\/2021\/09\/Formations-Stages-CALENDRIER-21-22-en-date-du-17-09-21-V2.xlsx.pdf\"><img data-recalc-dims=\"1\" loading=\"lazy\" decoding=\"async\" width=\"150\" height=\"103\" data-attachment-id=\"1520\" data-permalink=\"https:\/\/jcmaisse.fr\/stage\/\" data-orig-file=\"https:\/\/i0.wp.com\/jcmaisse.fr\/wp-content\/uploads\/2021\/09\/stage.jpg?fit=230%2C158&amp;ssl=1\" data-orig-size=\"230,158\" data-comments-opened=\"0\" data-image-meta=\"{&quot;aperture&quot;:&quot;0&quot;,&quot;credit&quot;:&quot;PENC Philippe&quot;,&quot;camera&quot;:&quot;&quot;,&quot;caption&quot;:&quot;&quot;,&quot;created_timestamp&quot;:&quot;1632051764&quot;,&quot;copyright&quot;:&quot;&quot;,&quot;focal_length&quot;:&quot;0&quot;,&quot;iso&quot;:&quot;0&quot;,&quot;shutter_speed&quot;:&quot;0&quot;,&quot;title&quot;:&quot;&quot;,&quot;orientation&quot;:&quot;0&quot;}\" data-image-title=\"stage\" data-image-description=\"\" data-image-caption=\"\" data-medium-file=\"https:\/\/i0.wp.com\/jcmaisse.fr\/wp-content\/uploads\/2021\/09\/stage.jpg?fit=230%2C158&amp;ssl=1\" data-large-file=\"https:\/\/i0.wp.com\/jcmaisse.fr\/wp-content\/uploads\/2021\/09\/stage.jpg?fit=230%2C158&amp;ssl=1\" class=\"wp-image-1520\" style=\"width: 150px;\" src=\"https:\/\/i0.wp.com\/jcmaisse.fr\/wp-content\/uploads\/2021\/09\/stage.jpg?resize=150%2C103&#038;ssl=1\" alt=\"\" \/><\/a>\n<figure><\/figure>\n<\/td>\n<\/tr>\n<\/tbody>\n<tfoot><\/tfoot>\n<\/table>\n<figcaption class=\"block-editor-rich-text__editable rich-text\" style=\"white-space: pre-wrap; min-width: 1px;\" role=\"textbox\" contenteditable=\"true\" aria-multiline=\"true\" aria-label=\"Texte de l\u00e9gende du tableau\"><\/figcaption>\n<\/figure>\n<\/div>\n<div class=\"wp-block\" data-align=\"center\">\n<figure id=\"block-fe953a6e-b464-4b72-8373-3f6082a58820\" class=\"block-editor-block-list__block wp-elements-8 is-multi-selected wp-block-table\" tabindex=\"0\" role=\"document\" aria-label=\"Bloc\u00a0: Tableau\" data-block=\"fe953a6e-b464-4b72-8373-3f6082a58820\" data-type=\"core\/table\" data-title=\"Tableau\">\n<table>\n<thead><\/thead>\n<tbody>\n<tr>\n<td class=\"block-editor-rich-text__editable wp-block-table__cell-content rich-text\" style=\"white-space: pre-wrap; min-width: 1px;\" role=\"textbox\" contenteditable=\"true\" aria-multiline=\"true\" aria-label=\"Texte de la cellule du corps\">\n<p>Les informations concernant l&rsquo;inscription de la saison 2021\/2022 sont disponibles:<\/p>\n<figure><a href=\"https:\/\/jcmaisse.fr\/wp-content\/uploads\/2021\/08\/JCMDossierCompletInscription20201022.pdf\" target=\"_blank\" rel=\"noreferrer noopener\"><img data-recalc-dims=\"1\" loading=\"lazy\" decoding=\"async\" data-attachment-id=\"99\" data-permalink=\"https:\/\/jcmaisse.fr\/index.php\/infos-pratiques\/pdf-2\/\" data-orig-file=\"https:\/\/i0.wp.com\/jcmaisse.fr\/wp-content\/uploads\/2017\/11\/pdf-1.jpg?fit=56%2C69&amp;ssl=1\" data-orig-size=\"56,69\" data-comments-opened=\"0\" data-image-meta=\"{&quot;aperture&quot;:&quot;0&quot;,&quot;credit&quot;:&quot;&quot;,&quot;camera&quot;:&quot;&quot;,&quot;caption&quot;:&quot;&quot;,&quot;created_timestamp&quot;:&quot;0&quot;,&quot;copyright&quot;:&quot;&quot;,&quot;focal_length&quot;:&quot;0&quot;,&quot;iso&quot;:&quot;0&quot;,&quot;shutter_speed&quot;:&quot;0&quot;,&quot;title&quot;:&quot;&quot;,&quot;orientation&quot;:&quot;0&quot;}\" data-image-title=\"pdf\" data-image-description=\"\" data-image-caption=\"\" data-medium-file=\"https:\/\/i0.wp.com\/jcmaisse.fr\/wp-content\/uploads\/2017\/11\/pdf-1.jpg?fit=56%2C69&amp;ssl=1\" data-large-file=\"https:\/\/i0.wp.com\/jcmaisse.fr\/wp-content\/uploads\/2017\/11\/pdf-1.jpg?fit=56%2C69&amp;ssl=1\" class=\"aligncenter size-full wp-image-99\" src=\"https:\/\/i0.wp.com\/jcmaisse.fr\/wp-content\/uploads\/2017\/11\/pdf-1.jpg?resize=56%2C69&#038;ssl=1\" alt=\"\" width=\"56\" height=\"69\" \/><\/a><\/figure>\n<\/td>\n<\/tr>\n<\/tbody>\n<tfoot><\/tfoot>\n<\/table>\n<figcaption class=\"block-editor-rich-text__editable rich-text\" style=\"white-space: pre-wrap; min-width: 1px;\" role=\"textbox\" contenteditable=\"true\" aria-multiline=\"true\" aria-label=\"Texte de l\u00e9gende du tableau\"><\/figcaption>\n<\/figure>\n<\/div>\n<div id=\"block-141b4cc3-bbaf-43ee-b924-4ed33e0df606\" class=\"block-editor-block-list__block wp-block\" tabindex=\"0\" role=\"document\" aria-label=\"Bloc\u00a0: Paragraphe classique\" data-block=\"141b4cc3-bbaf-43ee-b924-4ed33e0df606\" data-type=\"tadv\/classic-paragraph\" data-title=\"Paragraphe classique\">\n<div id=\"block-141b4cc3-bbaf-43ee-b924-4ed33e0df606\" class=\"block-editor-block-list__block wp-block\" tabindex=\"0\" role=\"document\" aria-label=\"Bloc\u00a0: Paragraphe classique\" data-block=\"141b4cc3-bbaf-43ee-b924-4ed33e0df606\" data-type=\"tadv\/classic-paragraph\" data-title=\"Paragraphe classique\">\n<div id=\"toolbar-141b4cc3-bbaf-43ee-b924-4ed33e0df606\" class=\"block-library-classic__toolbar tma-classic-paragraph__toolbar has-advanced-toolbar\" data-placeholder=\"Paragraphe classique\">\u00a0<\/div>\n<div id=\"editor-141b4cc3-bbaf-43ee-b924-4ed33e0df606\" class=\"wp-block-freeform block-library-rich-text__tinymce tma-classic-paragraph mce-content-body html5-captions\" style=\"position: relative;\" contenteditable=\"true\">\n<p>\u00a0<\/p>\n<\/div>\n<\/div>\n<\/div>\n<p>\u00a0<\/p>\n<p>\u00a0<\/p>\n<p>\u00a0<\/p>\n<p>\u00a0<\/p>\n<p>\u00a0<\/p>\n<p>\u00a0<\/p>\n<p>\u00a0<\/p>\n<p>\u00a0<\/p>\n<p>\u00a0<\/p>\n<p>\u00a0<\/p>\n<p>\u00a0<\/p>\n<p>\u00a0<\/p>\n<p>\u00a0<\/p>\n\n\n","protected":false},"excerpt":{"rendered":"<p>Vide Grenier Le JCM organise le jeudi 26 Mai 2022 un vide grenier au stade de Maisse de 08h00 \u00e0 18h00. Venez nombreux. \u00a0 Coupes Essonne Minimes et Cadettes du <a class=\"more-link\" href=\"https:\/\/jcmaisse.fr\/index.php\/archives\/2020-2021\/\">Lire la suite \u2192<\/a><\/p>\n","protected":false},"author":1,"featured_media":0,"parent":480,"menu_order":0,"comment_status":"closed","ping_status":"closed","template":"","meta":{"ngg_post_thumbnail":0,"jetpack_post_was_ever_published":false,"footnotes":""},"class_list":["post-1491","page","type-page","status-publish","hentry"],"jetpack_sharing_enabled":true,"jetpack_shortlink":"https:\/\/wp.me\/P9pUva-o3","jetpack_likes_enabled":true,"jetpack-related-posts":[],"_links":{"self":[{"href":"https:\/\/jcmaisse.fr\/index.php\/wp-json\/wp\/v2\/pages\/1491","targetHints":{"allow":["GET"]}}],"collection":[{"href":"https:\/\/jcmaisse.fr\/index.php\/wp-json\/wp\/v2\/pages"}],"about":[{"href":"https:\/\/jcmaisse.fr\/index.php\/wp-json\/wp\/v2\/types\/page"}],"author":[{"embeddable":true,"href":"https:\/\/jcmaisse.fr\/index.php\/wp-json\/wp\/v2\/users\/1"}],"replies":[{"embeddable":true,"href":"https:\/\/jcmaisse.fr\/index.php\/wp-json\/wp\/v2\/comments?post=1491"}],"version-history":[{"count":8,"href":"https:\/\/jcmaisse.fr\/index.php\/wp-json\/wp\/v2\/pages\/1491\/revisions"}],"predecessor-version":[{"id":1747,"href":"https:\/\/jcmaisse.fr\/index.php\/wp-json\/wp\/v2\/pages\/1491\/revisions\/1747"}],"up":[{"embeddable":true,"href":"https:\/\/jcmaisse.fr\/index.php\/wp-json\/wp\/v2\/pages\/480"}],"wp:attachment":[{"href":"https:\/\/jcmaisse.fr\/index.php\/wp-json\/wp\/v2\/media?parent=1491"}],"curies":[{"name":"wp","href":"https:\/\/api.w.org\/{rel}","templated":true}]}}