{"id":158,"date":"2017-11-30T19:17:11","date_gmt":"2017-11-30T18:17:11","guid":{"rendered":"http:\/\/jcmaisse.fr\/?page_id=158"},"modified":"2025-09-04T07:11:24","modified_gmt":"2025-09-04T05:11:24","slug":"les-ceintures-noires","status":"publish","type":"page","link":"https:\/\/jcmaisse.fr\/index.php\/les-ceintures-noires\/","title":{"rendered":"Les ceintures noires"},"content":{"rendered":"<h3 style=\"text-align: center;\"><strong><u>LES CEINTURES NOIRES 1<sup>er<\/sup> Dan pass\u00e9es au club<\/u><\/strong><\/h3>\n<p><strong>BISSON Chrystelle<\/strong><\/p>\n<p><strong>DAVID Andr\u00e9<\/strong><\/p>\n<p><strong>DAVID Henri<\/strong><\/p>\n<p><strong>PERY Guillaume<\/strong><\/p>\n<p><strong>VENET Charlotte<\/strong><\/p>\n<p><strong>BAZIZ Amandine<\/strong><\/p>\n<p><strong>PERY Mathieu<\/strong><\/p>\n<p><strong>DENEJUVILLE Emilie<\/strong><\/p>\n<p><strong>CASSET St\u00e9phane<\/strong><\/p>\n<p><strong>FUMOUX Ludovic<\/strong><\/p>\n<p><strong>GAUDIN Vincent<\/strong><\/p>\n<p><strong>CYPRIEN Gwladys<\/strong><\/p>\n<p><strong>VENET Marjorie<\/strong><\/p>\n<p><strong>FAYOL Guillaume<\/strong><\/p>\n<p><strong>VENET Lucile<\/strong><\/p>\n<p><strong>BOURGEOIS Oph\u00e9lie<\/strong><\/p>\n<p><strong>FUMOUX J\u00e9r\u00f4me<\/strong><\/p>\n<p><strong>SCHERTZER Amandine<\/strong><\/p>\n<p><strong>DEL ARCO L\u00e9o<\/strong><\/p>\n<p><strong>RICHEFEU Kathleen<\/strong><\/p>\n<p><strong>IMBERT Thibault<\/strong><\/p>\n<p><strong>JANIAUD Benoit<\/strong><\/p>\n<p><strong>LOISEAU Sylvain<\/strong><\/p>\n<p><strong>GUIGNARD Jean Luc<\/strong><\/p>\n<p><strong>LEFEBVRE Thomas<\/strong><\/p>\n<p><strong>RICHEFEU Kilian<\/strong><\/p>\n<p><strong>LARGLANTIER Morgan<\/strong><\/p>\n<p><strong>LUET Fran\u00e7ois<\/strong><\/p>\n<p><strong>DUVAL Alexandre<\/strong><\/p>\n<p><strong>SALOME R\u00e9my<\/strong><\/p>\n<p><strong>TROUCHKINE Thomas<\/strong><\/p>\n<p><strong>N\u2019DOUMBE Patient<\/strong><\/p>\n<p><strong>REYTIER Morgane<\/strong><\/p>\n<h3><strong><u>LES CEINTURES NOIRES 1<sup>er<\/sup> Dan pass\u00e9es au club<\/u><\/strong><\/h3>\n<p><strong>PERTHUIS J\u00e9r\u00e9my<\/strong><\/p>\n<p><strong>TAESH Albert<\/strong><\/p>\n<p><strong>POYER Quentin<\/strong><\/p>\n<p><strong>PRADOT Bastien<\/strong><\/p>\n<p><strong>LARGLANTIER Axelle<\/strong><\/p>\n<p><strong>HADJIAN R\u00e9mi<\/strong><\/p>\n<p><strong>HARLAUT Quentin<\/strong><\/p>\n<p><strong>MOTA Anthony<\/strong><\/p>\n<p><strong>PERTHUIS C\u00e9dric<\/strong><\/p>\n<p><strong>LARGLANTIER Denis<\/strong><\/p>\n<p><strong>MOTA Mathis<\/strong><\/p>\n<p><strong>FOURNIER Fr\u00e9d\u00e9ric<\/strong><\/p>\n<p><strong>DUMAND Christopher<\/strong><\/p>\n<p><strong>LETELLIER Emma<\/strong><\/p>\n<p><strong>LARGLANTIER Laur\u00e9na<\/strong><\/p>\n<p><strong>MONTAGNE Susie<\/strong><\/p>\n<p><strong>HARDY Mathis<\/strong><\/p>\n<p><strong>GAUDIN Erwan<\/strong><\/p>\n<p><strong>JEAMBEAU Nathan<\/strong><\/p>\n<p><strong>GUILLEMOT C\u00e9cile<\/strong><\/p>\n<p><strong>MARCILLE Flora<\/strong><\/p>\n<p><strong>BOCQUET Bruno<\/strong><\/p>\n<p><strong>DOS SANTOS Elodie<\/strong><\/p>\n<p><strong>\u00a0<\/strong><\/p>\n<h3><strong><u>LES CEINTURES NOIRES 2<sup>\u00e8me<\/sup> Dan pass\u00e9es au club<\/u><\/strong><\/h3>\n<p><strong>DAVID Andr\u00e9<\/strong><\/p>\n<p><strong>MOTA Ang\u00e9lique<\/strong><\/p>\n<p><strong>MOTA Eric<\/strong><\/p>\n<p><strong>DENEUVILLE Emilie<\/strong><\/p>\n<p><strong>RICHEFEU Rodolphe<\/strong><\/p>\n<p><strong>GAUDIN Philippe<\/strong><\/p>\n<p><strong>VENET Charlotte<\/strong><\/p>\n<p><strong>DEBOUBERS Yann<\/strong><\/p>\n<p><strong>DEBOUBERS Sylvain<\/strong><\/p>\n<p><strong>FUMOUX Lionel<\/strong><\/p>\n<p><strong>BRUERE Jean Marc<\/strong><\/p>\n<p><strong>MONDET Nicolas<\/strong><\/p>\n<p><strong>LARGLANTIER Axelle<\/strong><\/p>\n<p><strong>PENC Axelle<\/strong><\/p>\n<p><strong>HARLAUT Quentin<\/strong><\/p>\n<p><strong>\u00a0<\/strong><strong>\u00a0<\/strong><\/p>\n<h3><strong><u>LES CEINTURES NOIRES 3\u00e8me Dan pass\u00e9es au club<\/u><\/strong><\/h3>\n<p><strong>GAUDIN Philippe<\/strong><\/p>\n<p><strong>BRUERE Jean Marc<\/strong><\/p>\n<p><strong>RICHEFEU Rodolphe<\/strong><\/p>\n<p><strong>VENET Charlotte<\/strong><\/p>\n<p><strong>FUMOUX Lionel<\/strong><\/p>\n<p><strong>DEBOUBERS Yann<\/strong><\/p>\n<p><strong>DEBOUBERS Sylvain<\/strong><\/p>\n<p><strong>\u00a0<\/strong><\/p>\n<p><strong>\u00a0<\/strong><\/p>\n<h3><strong><u>LES CEINTURES NOIRES 4\u00e8me Dan pass\u00e9es au club<\/u><\/strong><\/h3>\n<p><strong>GAUDIN Philippe<\/strong><\/p>\n<p><strong>RICHEFEU Rodolphe<\/strong><\/p>\n<p><strong>LARGLANTIER Laurence<\/strong><\/p>\n<p><strong>REBY Andr\u00e9<\/strong><\/p>\n<p><strong><u>\u00a0<\/u><\/strong><\/p>\n<h2 dir=\"ltr\">________________________________________<\/h2>\n<h2 dir=\"ltr\"><b>Nos 3 nouvelles CEINTURES NOIRES pour la saison !<\/b><\/h2>\n<div><b>\u00a0<\/b><\/div>\n<div><b>FELICITATIONS Flora, Elodie et BRUNO !!!<\/b><\/div>\n<p><a class=\"fbx-link fbx-instance\" href=\"https:\/\/i0.wp.com\/jcmaisse.fr\/wp-content\/uploads\/2025\/07\/Resized_1000015227.jpg\"><img loading=\"lazy\" decoding=\"async\" data-attachment-id=\"2791\" data-permalink=\"https:\/\/jcmaisse.fr\/index.php\/acceuil\/resized_1000015227\/\" data-orig-file=\"https:\/\/i0.wp.com\/jcmaisse.fr\/wp-content\/uploads\/2025\/07\/Resized_1000015227.jpg?fit=611%2C768&amp;ssl=1\" data-orig-size=\"611,768\" data-comments-opened=\"0\" data-image-meta=\"{&quot;aperture&quot;:&quot;0&quot;,&quot;credit&quot;:&quot;&quot;,&quot;camera&quot;:&quot;&quot;,&quot;caption&quot;:&quot;&quot;,&quot;created_timestamp&quot;:&quot;0&quot;,&quot;copyright&quot;:&quot;&quot;,&quot;focal_length&quot;:&quot;0&quot;,&quot;iso&quot;:&quot;0&quot;,&quot;shutter_speed&quot;:&quot;0&quot;,&quot;title&quot;:&quot;&quot;,&quot;orientation&quot;:&quot;0&quot;}\" data-image-title=\"Resized_1000015227\" data-image-description=\"\" data-image-caption=\"\" data-large-file=\"https:\/\/i0.wp.com\/jcmaisse.fr\/wp-content\/uploads\/2025\/07\/Resized_1000015227.jpg?fit=611%2C768&amp;ssl=1\" class=\"size-medium wp-image-2791 aligncenter\" src=\"https:\/\/i0.wp.com\/jcmaisse.fr\/wp-content\/uploads\/2025\/07\/Resized_1000015227.jpg?resize=239%2C300\" sizes=\"auto, (max-width: 239px) 100vw, 239px\" srcset=\"https:\/\/i0.wp.com\/jcmaisse.fr\/wp-content\/uploads\/2025\/07\/Resized_1000015227.jpg?resize=239%2C300&amp;ssl=1 239w, https:\/\/i0.wp.com\/jcmaisse.fr\/wp-content\/uploads\/2025\/07\/Resized_1000015227.jpg?w=611&amp;ssl=1 611w\" alt=\"\" width=\"239\" height=\"300\" data-recalc-dims=\"1\" data-attachment-id=\"2791\" data-permalink=\"https:\/\/jcmaisse.fr\/index.php\/acceuil\/resized_1000015227\/\" data-orig-file=\"https:\/\/i0.wp.com\/jcmaisse.fr\/wp-content\/uploads\/2025\/07\/Resized_1000015227.jpg?fit=611%2C768&amp;ssl=1\" data-orig-size=\"611,768\" data-comments-opened=\"0\" data-image-meta=\"{&quot;aperture&quot;:&quot;0&quot;,&quot;credit&quot;:&quot;&quot;,&quot;camera&quot;:&quot;&quot;,&quot;caption&quot;:&quot;&quot;,&quot;created_timestamp&quot;:&quot;0&quot;,&quot;copyright&quot;:&quot;&quot;,&quot;focal_length&quot;:&quot;0&quot;,&quot;iso&quot;:&quot;0&quot;,&quot;shutter_speed&quot;:&quot;0&quot;,&quot;title&quot;:&quot;&quot;,&quot;orientation&quot;:&quot;0&quot;}\" data-image-title=\"Resized_1000015227\" data-image-description=\"\" data-image-caption=\"\" data-medium-file=\"https:\/\/i0.wp.com\/jcmaisse.fr\/wp-content\/uploads\/2025\/07\/Resized_1000015227.jpg?fit=239%2C300&amp;ssl=1\" data-large-file=\"https:\/\/i0.wp.com\/jcmaisse.fr\/wp-content\/uploads\/2025\/07\/Resized_1000015227.jpg?fit=611%2C768&amp;ssl=1\" \/><\/a><\/p>\n<p>___________________________________________________________________________<\/p>\n<div>\n<div><\/div>\n<div>Ce Samedi 27 Janvier 2024, avait lieu la C\u00e9r\u00e9monie des Voeux du Comit\u00e9 de Judo de l\u2019Essonne au Dojo R\u00e9gional de Br\u00e9tigny avec la remise des dipl\u00f4mes des nouveaux grades en pr\u00e9sence des hauts grad\u00e9s du D\u00e9partement.<\/div>\n<div><\/div>\n<div>Ont \u00e9t\u00e9 mis \u00e0 l\u2019honneur nos 3 nouvelles ceintures noires 1er Dan : Mathis Hardy, Susie Montagne et Erwan Gaudin.<\/div>\n<div>(Sur la photo Mathis, Susie et Erwan n\u2019ayant pas pu participer \u00e0 cet \u00e9v\u00e9nement).<\/div>\n<div><\/div>\n<div><img data-recalc-dims=\"1\" loading=\"lazy\" decoding=\"async\" data-attachment-id=\"2300\" data-permalink=\"https:\/\/jcmaisse.fr\/index.php\/acceuil\/resized_screenshot_20240228-091939_gallery_5434\/\" data-orig-file=\"https:\/\/i0.wp.com\/jcmaisse.fr\/wp-content\/uploads\/2024\/03\/Resized_Screenshot_20240228-091939_Gallery_5434.jpg?fit=432%2C768&amp;ssl=1\" data-orig-size=\"432,768\" data-comments-opened=\"0\" data-image-meta=\"{&quot;aperture&quot;:&quot;0&quot;,&quot;credit&quot;:&quot;&quot;,&quot;camera&quot;:&quot;&quot;,&quot;caption&quot;:&quot;&quot;,&quot;created_timestamp&quot;:&quot;0&quot;,&quot;copyright&quot;:&quot;&quot;,&quot;focal_length&quot;:&quot;0&quot;,&quot;iso&quot;:&quot;0&quot;,&quot;shutter_speed&quot;:&quot;0&quot;,&quot;title&quot;:&quot;&quot;,&quot;orientation&quot;:&quot;0&quot;}\" data-image-title=\"Resized_Screenshot_20240228-091939_Gallery_5434\" data-image-description=\"\" data-image-caption=\"\" data-large-file=\"https:\/\/i0.wp.com\/jcmaisse.fr\/wp-content\/uploads\/2024\/03\/Resized_Screenshot_20240228-091939_Gallery_5434.jpg?fit=432%2C768&amp;ssl=1\" class=\"size-medium wp-image-2300 aligncenter\" src=\"https:\/\/i0.wp.com\/jcmaisse.fr\/wp-content\/uploads\/2024\/03\/Resized_Screenshot_20240228-091939_Gallery_5434.jpg?resize=169%2C300&#038;ssl=1\" alt=\"\" width=\"169\" height=\"300\" srcset=\"https:\/\/i0.wp.com\/jcmaisse.fr\/wp-content\/uploads\/2024\/03\/Resized_Screenshot_20240228-091939_Gallery_5434.jpg?resize=169%2C300&amp;ssl=1 169w, https:\/\/i0.wp.com\/jcmaisse.fr\/wp-content\/uploads\/2024\/03\/Resized_Screenshot_20240228-091939_Gallery_5434.jpg?w=432&amp;ssl=1 432w\" sizes=\"auto, (max-width: 169px) 100vw, 169px\" \/><\/div>\n<\/div>\n<div>___________________________________________________________________________<\/div>\n<div class=\"gmail_quote_sandBox \"><span style=\"text-decoration: underline;\"><strong>Notre tableau des ceintures noires est mis\u00a0 jour, il y a 5 nouvelles ceintures noires !!!<\/strong><\/span><\/div>\n<div class=\"gmail_quote_sandBox \">1 tableau pour les 1er DAN\u00a0 <a href=\"https:\/\/jcmaisse.fr\/wp-content\/uploads\/2023\/11\/tableau-1er-DAN.pdf\">tableau 1er DAN<\/a><\/div>\n<div class=\"gmail_quote_sandBox \">1 tableau pour les 2, 3 et 4\u00e8me DAN <a href=\"https:\/\/jcmaisse.fr\/wp-content\/uploads\/2023\/11\/tableau-23-et-4eme-DAN.pdf\">tableau 2,3 et 4\u00e8me DAN<\/a><\/div>\n<p>____________________________________________________________________________<\/p>\n<p><img data-recalc-dims=\"1\" loading=\"lazy\" decoding=\"async\" data-attachment-id=\"1764\" data-permalink=\"https:\/\/jcmaisse.fr\/index.php\/les-ceintures-noires\/snapchat-1264068780\/\" data-orig-file=\"https:\/\/i0.wp.com\/jcmaisse.fr\/wp-content\/uploads\/2022\/09\/Snapchat-1264068780.jpg?fit=1080%2C1410&amp;ssl=1\" data-orig-size=\"1080,1410\" data-comments-opened=\"0\" data-image-meta=\"{&quot;aperture&quot;:&quot;0&quot;,&quot;credit&quot;:&quot;&quot;,&quot;camera&quot;:&quot;&quot;,&quot;caption&quot;:&quot;&quot;,&quot;created_timestamp&quot;:&quot;0&quot;,&quot;copyright&quot;:&quot;&quot;,&quot;focal_length&quot;:&quot;0&quot;,&quot;iso&quot;:&quot;0&quot;,&quot;shutter_speed&quot;:&quot;0&quot;,&quot;title&quot;:&quot;&quot;,&quot;orientation&quot;:&quot;0&quot;}\" data-image-title=\"Snapchat-1264068780\" data-image-description=\"\" data-image-caption=\"\" data-large-file=\"https:\/\/i0.wp.com\/jcmaisse.fr\/wp-content\/uploads\/2022\/09\/Snapchat-1264068780.jpg?fit=678%2C886&amp;ssl=1\" class=\"size-medium wp-image-1764 aligncenter\" src=\"https:\/\/i0.wp.com\/jcmaisse.fr\/wp-content\/uploads\/2022\/09\/Snapchat-1264068780.jpg?resize=230%2C300&#038;ssl=1\" alt=\"\" width=\"230\" height=\"300\" srcset=\"https:\/\/i0.wp.com\/jcmaisse.fr\/wp-content\/uploads\/2022\/09\/Snapchat-1264068780.jpg?resize=230%2C300&amp;ssl=1 230w, https:\/\/i0.wp.com\/jcmaisse.fr\/wp-content\/uploads\/2022\/09\/Snapchat-1264068780.jpg?resize=784%2C1024&amp;ssl=1 784w, https:\/\/i0.wp.com\/jcmaisse.fr\/wp-content\/uploads\/2022\/09\/Snapchat-1264068780.jpg?resize=768%2C1003&amp;ssl=1 768w, https:\/\/i0.wp.com\/jcmaisse.fr\/wp-content\/uploads\/2022\/09\/Snapchat-1264068780.jpg?w=1080&amp;ssl=1 1080w\" sizes=\"auto, (max-width: 230px) 100vw, 230px\" \/><\/p>\n<p style=\"text-align: center;\">F\u00e9licitations \u00e0 nos 2 nouvelles ceintures noires : Emma LETELLIER et Laur\u00e9na LARGLANTIER.<\/p>\n<div>&#8211; Katas valid\u00e9s en F\u00e9vier dernier<\/div>\n<div>&#8211; 50 points pour Emma en Shiais \u00e0 Br\u00e9tigny sur Orge.<\/div>\n<div>&#8211; 50 points pour Laur\u00e9na en Shiais \u00e0 St Gr\u00e9goire pr\u00e8s de Rennes.<\/div>\n<div>&#8211; UV2 techniques valid\u00e9s en Juin dernier.<\/div>\n<div>BRAVO les filles !!!<\/div>\n<div><\/div>\n<p><strong>Les ceintures noires obtenues au JCM<\/strong><\/p>\n<p><a href=\"https:\/\/jcmaisse.fr\/index.php\/les-ceintures-noires\/tableauceinturenoire\/\" rel=\"attachment wp-att-749\"><img data-recalc-dims=\"1\" loading=\"lazy\" decoding=\"async\" data-attachment-id=\"749\" data-permalink=\"https:\/\/jcmaisse.fr\/index.php\/les-ceintures-noires\/tableauceinturenoire\/\" data-orig-file=\"https:\/\/i0.wp.com\/jcmaisse.fr\/wp-content\/uploads\/2018\/11\/TableauCeintureNoire.jpg?fit=826%2C600&amp;ssl=1\" data-orig-size=\"826,600\" data-comments-opened=\"0\" data-image-meta=\"{&quot;aperture&quot;:&quot;0&quot;,&quot;credit&quot;:&quot;&quot;,&quot;camera&quot;:&quot;&quot;,&quot;caption&quot;:&quot;&quot;,&quot;created_timestamp&quot;:&quot;0&quot;,&quot;copyright&quot;:&quot;&quot;,&quot;focal_length&quot;:&quot;0&quot;,&quot;iso&quot;:&quot;0&quot;,&quot;shutter_speed&quot;:&quot;0&quot;,&quot;title&quot;:&quot;&quot;,&quot;orientation&quot;:&quot;0&quot;}\" data-image-title=\"TableauCeintureNoire\" data-image-description=\"\" data-image-caption=\"\" data-large-file=\"https:\/\/i0.wp.com\/jcmaisse.fr\/wp-content\/uploads\/2018\/11\/TableauCeintureNoire.jpg?fit=678%2C492&amp;ssl=1\" class=\"aligncenter size-full wp-image-749\" src=\"https:\/\/i0.wp.com\/jcmaisse.fr\/wp-content\/uploads\/2018\/11\/TableauCeintureNoire.jpg?resize=678%2C492&#038;ssl=1\" alt=\"\" width=\"678\" height=\"492\" srcset=\"https:\/\/i0.wp.com\/jcmaisse.fr\/wp-content\/uploads\/2018\/11\/TableauCeintureNoire.jpg?w=826&amp;ssl=1 826w, https:\/\/i0.wp.com\/jcmaisse.fr\/wp-content\/uploads\/2018\/11\/TableauCeintureNoire.jpg?resize=300%2C218&amp;ssl=1 300w, https:\/\/i0.wp.com\/jcmaisse.fr\/wp-content\/uploads\/2018\/11\/TableauCeintureNoire.jpg?resize=768%2C558&amp;ssl=1 768w\" sizes=\"auto, (max-width: 678px) 100vw, 678px\" \/><\/a><\/p>\n<table>\n<tbody>\n<tr>\n<td>Le 10 d\u00e9cembre 2017 &#8211; \u00b7F\u00e9licitations \u00e0 Christopher et Bastien qui ont obtenus leur Katas pour le 1er DAN !!<br \/>\n&lt;\/td&lt;<\/td>\n<\/tr>\n<tr>\n<td>Quentin HARLAUT vient d&rsquo;\u00eatre nomm\u00e9 ceinture noire 1er DAN.<br \/>\n&lt;\/td&lt;<\/td>\n<\/tr>\n<tr>\n<td>Juin 2016 &#8211; 2 Nouvelles ceintures noires 2\u00e8me DAN : AXELLE et AXELLE !!<br \/>\n<img data-recalc-dims=\"1\" loading=\"lazy\" decoding=\"async\" data-attachment-id=\"205\" data-permalink=\"https:\/\/jcmaisse.fr\/index.php\/les-ceintures-noires\/sans-titre-4\/\" data-orig-file=\"https:\/\/i0.wp.com\/jcmaisse.fr\/wp-content\/uploads\/2017\/12\/Sans-titre-3.jpg?fit=1000%2C728&amp;ssl=1\" data-orig-size=\"1000,728\" data-comments-opened=\"0\" data-image-meta=\"{&quot;aperture&quot;:&quot;0&quot;,&quot;credit&quot;:&quot;&quot;,&quot;camera&quot;:&quot;&quot;,&quot;caption&quot;:&quot;&quot;,&quot;created_timestamp&quot;:&quot;0&quot;,&quot;copyright&quot;:&quot;&quot;,&quot;focal_length&quot;:&quot;0&quot;,&quot;iso&quot;:&quot;0&quot;,&quot;shutter_speed&quot;:&quot;0&quot;,&quot;title&quot;:&quot;&quot;,&quot;orientation&quot;:&quot;0&quot;}\" data-image-title=\"Sans titre\" data-image-description=\"\" data-image-caption=\"\" data-large-file=\"https:\/\/i0.wp.com\/jcmaisse.fr\/wp-content\/uploads\/2017\/12\/Sans-titre-3.jpg?fit=678%2C494&amp;ssl=1\" class=\"alignleft size-medium wp-image-205\" src=\"https:\/\/i0.wp.com\/jcmaisse.fr\/wp-content\/uploads\/2017\/12\/Sans-titre-3.jpg?resize=300%2C218&#038;ssl=1\" alt=\"\" width=\"300\" height=\"218\" srcset=\"https:\/\/i0.wp.com\/jcmaisse.fr\/wp-content\/uploads\/2017\/12\/Sans-titre-3.jpg?resize=300%2C218&amp;ssl=1 300w, https:\/\/i0.wp.com\/jcmaisse.fr\/wp-content\/uploads\/2017\/12\/Sans-titre-3.jpg?resize=768%2C559&amp;ssl=1 768w, https:\/\/i0.wp.com\/jcmaisse.fr\/wp-content\/uploads\/2017\/12\/Sans-titre-3.jpg?w=1000&amp;ssl=1 1000w\" sizes=\"auto, (max-width: 300px) 100vw, 300px\" \/><br \/>\nAxelle PENC et Axelle LARGLANTIER pr\u00e9sentaient le NAGE NO KATA pour leur 2\u00e8me DAN.C&rsquo;est avec succ\u00e8s et avec les compliments des 3 jurys qu&rsquo;elles acc\u00e8dent \u00e0 ce grade qu&rsquo;elle ont pr\u00e9par\u00e9 tout au long de l&rsquo;ann\u00e9e. BRAVO les filles et f\u00e9licitations pour votre travail !!!<\/td>\n<\/tr>\n<tr>\n<td>Dimanche 23 Novembre 2014Anthony MOTA vient de terminer ses points pour l&rsquo;obtention de sa ceinture noire 1er DAN.<\/td>\n<\/tr>\n<tr>\n<td><img data-recalc-dims=\"1\" loading=\"lazy\" decoding=\"async\" data-attachment-id=\"195\" data-permalink=\"https:\/\/jcmaisse.fr\/index.php\/les-ceintures-noires\/sans-titre\/\" data-orig-file=\"https:\/\/i0.wp.com\/jcmaisse.fr\/wp-content\/uploads\/2017\/12\/Sans-titre.jpg?fit=250%2C334&amp;ssl=1\" data-orig-size=\"250,334\" data-comments-opened=\"0\" data-image-meta=\"{&quot;aperture&quot;:&quot;0&quot;,&quot;credit&quot;:&quot;&quot;,&quot;camera&quot;:&quot;&quot;,&quot;caption&quot;:&quot;&quot;,&quot;created_timestamp&quot;:&quot;0&quot;,&quot;copyright&quot;:&quot;&quot;,&quot;focal_length&quot;:&quot;0&quot;,&quot;iso&quot;:&quot;0&quot;,&quot;shutter_speed&quot;:&quot;0&quot;,&quot;title&quot;:&quot;&quot;,&quot;orientation&quot;:&quot;0&quot;}\" data-image-title=\"Sans titre\" data-image-description=\"\" data-image-caption=\"\" data-large-file=\"https:\/\/i0.wp.com\/jcmaisse.fr\/wp-content\/uploads\/2017\/12\/Sans-titre.jpg?fit=250%2C334&amp;ssl=1\" class=\"alignleft size-full wp-image-195\" src=\"https:\/\/i0.wp.com\/jcmaisse.fr\/wp-content\/uploads\/2017\/12\/Sans-titre.jpg?resize=250%2C334&#038;ssl=1\" alt=\"\" width=\"250\" height=\"334\" srcset=\"https:\/\/i0.wp.com\/jcmaisse.fr\/wp-content\/uploads\/2017\/12\/Sans-titre.jpg?w=250&amp;ssl=1 250w, https:\/\/i0.wp.com\/jcmaisse.fr\/wp-content\/uploads\/2017\/12\/Sans-titre.jpg?resize=225%2C300&amp;ssl=1 225w\" sizes=\"auto, (max-width: 250px) 100vw, 250px\" \/><br \/>\n1\u00e8re remise de ceinture noire de l&rsquo;ann\u00e9e sportive 2014\/2015!!!<br \/>\nR\u00e9mi Hadjian a obtenu son 1er Dan apr\u00e8s un passage de katas en juin 2014 et des shiais le lendemain.<br \/>\nSuite aux nouvelles r\u00e8gles, il ne pouvait obtenir ce grade qu&rsquo;\u00e0 ses 15 ans r\u00e9volus.<br \/>\nC&rsquo;est chose faite et le judo club Maissois tient \u00e0 le f\u00e9liciter pour son investissement.<\/td>\n<\/tr>\n<tr>\n<td>Samedi 08 mars 2014, nos deux jeunes professeurs, Yann et Sylvain De Boubers se pr\u00e9sentaient \u00e0 Br\u00e9tigny pour le passage des katas pour le 3\u00e8me Dan.<br \/>\nApr\u00e8s plus de 4 mois de travail intensif, \u00e0 raison de 3 fois par semaine, ils obtiennent tous les deux l&rsquo;examen. Ils ont m\u00eame eu droit aux f\u00e9licitations du jury pour la qualit\u00e9 de leurs prestations.<\/td>\n<td><\/td>\n<\/tr>\n<tr>\n<td><img data-recalc-dims=\"1\" loading=\"lazy\" decoding=\"async\" data-attachment-id=\"197\" data-permalink=\"https:\/\/jcmaisse.fr\/index.php\/les-ceintures-noires\/sans-titre-2\/\" data-orig-file=\"https:\/\/i0.wp.com\/jcmaisse.fr\/wp-content\/uploads\/2017\/12\/Sans-titre-1.jpg?fit=250%2C333&amp;ssl=1\" data-orig-size=\"250,333\" data-comments-opened=\"0\" data-image-meta=\"{&quot;aperture&quot;:&quot;0&quot;,&quot;credit&quot;:&quot;&quot;,&quot;camera&quot;:&quot;&quot;,&quot;caption&quot;:&quot;&quot;,&quot;created_timestamp&quot;:&quot;0&quot;,&quot;copyright&quot;:&quot;&quot;,&quot;focal_length&quot;:&quot;0&quot;,&quot;iso&quot;:&quot;0&quot;,&quot;shutter_speed&quot;:&quot;0&quot;,&quot;title&quot;:&quot;&quot;,&quot;orientation&quot;:&quot;0&quot;}\" data-image-title=\"Sans titre\" data-image-description=\"\" data-image-caption=\"\" data-large-file=\"https:\/\/i0.wp.com\/jcmaisse.fr\/wp-content\/uploads\/2017\/12\/Sans-titre-1.jpg?fit=250%2C333&amp;ssl=1\" class=\"alignleft size-full wp-image-197\" src=\"https:\/\/i0.wp.com\/jcmaisse.fr\/wp-content\/uploads\/2017\/12\/Sans-titre-1.jpg?resize=250%2C333&#038;ssl=1\" alt=\"\" width=\"250\" height=\"333\" srcset=\"https:\/\/i0.wp.com\/jcmaisse.fr\/wp-content\/uploads\/2017\/12\/Sans-titre-1.jpg?w=250&amp;ssl=1 250w, https:\/\/i0.wp.com\/jcmaisse.fr\/wp-content\/uploads\/2017\/12\/Sans-titre-1.jpg?resize=225%2C300&amp;ssl=1 225w\" sizes=\"auto, (max-width: 250px) 100vw, 250px\" \/><br \/>\nUn tripl\u00e9 pour la famille &lsquo;LARGLANTIER\u00a0\u00bb!!!<br \/>\nPlus de 3 ans apr\u00e8s la remise de ceinture noire \u00e0 Morgan, fils a\u00een\u00e9 de Laurence, professeur au club, c&rsquo;est au tour d&rsquo;Axelle de rejoindre le cercle des ceintures noires du club en ce vendredi 17 janvier 2014.<br \/>\nUne fois la remise effectu\u00e9e, Axelle a d\u00fb passer par la nouvelle tradition du club, c&rsquo;est \u00e0 dire, se laisser faire chuter par tous les judokas pr\u00e9sents sur le tatami, y compris les ceintures de couleurs.<\/td>\n<\/tr>\n<tr>\n<td><img data-recalc-dims=\"1\" loading=\"lazy\" decoding=\"async\" data-attachment-id=\"202\" data-permalink=\"https:\/\/jcmaisse.fr\/index.php\/les-ceintures-noires\/sans-titre-3\/\" data-orig-file=\"https:\/\/i0.wp.com\/jcmaisse.fr\/wp-content\/uploads\/2017\/12\/Sans-titre-2.jpg?fit=500%2C749&amp;ssl=1\" data-orig-size=\"500,749\" data-comments-opened=\"0\" data-image-meta=\"{&quot;aperture&quot;:&quot;0&quot;,&quot;credit&quot;:&quot;&quot;,&quot;camera&quot;:&quot;&quot;,&quot;caption&quot;:&quot;&quot;,&quot;created_timestamp&quot;:&quot;0&quot;,&quot;copyright&quot;:&quot;&quot;,&quot;focal_length&quot;:&quot;0&quot;,&quot;iso&quot;:&quot;0&quot;,&quot;shutter_speed&quot;:&quot;0&quot;,&quot;title&quot;:&quot;&quot;,&quot;orientation&quot;:&quot;0&quot;}\" data-image-title=\"Sans titre\" data-image-description=\"\" data-image-caption=\"\" data-large-file=\"https:\/\/i0.wp.com\/jcmaisse.fr\/wp-content\/uploads\/2017\/12\/Sans-titre-2.jpg?fit=500%2C749&amp;ssl=1\" class=\"alignleft size-full wp-image-202\" src=\"https:\/\/i0.wp.com\/jcmaisse.fr\/wp-content\/uploads\/2017\/12\/Sans-titre-2.jpg?resize=500%2C749&#038;ssl=1\" alt=\"\" width=\"500\" height=\"749\" srcset=\"https:\/\/i0.wp.com\/jcmaisse.fr\/wp-content\/uploads\/2017\/12\/Sans-titre-2.jpg?w=500&amp;ssl=1 500w, https:\/\/i0.wp.com\/jcmaisse.fr\/wp-content\/uploads\/2017\/12\/Sans-titre-2.jpg?resize=200%2C300&amp;ssl=1 200w\" sizes=\"auto, (max-width: 500px) 100vw, 500px\" \/><br \/>\nDimanche 9 septembre 2012 au matin deux judokas maissois se sont rendus \u00e0 l\u2019Institut National du Judo \u00e0 Paris pour un passage de ceinture noire. Fran\u00e7ois Luet accompagnait Albert Taesch pour pr\u00e9senter le dernier UV technique qui lui permettrait en cas de r\u00e9ussite d\u2019obtenir son grade de ceinture noire.Sous l\u2019\u0153il d\u2019un public Maissois venu le soutenir dont quatre professeurs, le pr\u00e9sident et des repr\u00e9sentants du club, Albert a r\u00e9alis\u00e9 une tr\u00e8s belle prestation autour de deux techniques principales (O Soto Gari et Uki Goshi).Le jury lui a donc octroy\u00e9 son UV qui gr\u00e2ce aux trois pr\u00e9c\u00e9dents UV acquis lui permet d\u2019obtenir sa ceinture noire et d\u2019\u00eatre ainsi la 37\u00e8me ceinture noire form\u00e9e au club.Et il s\u2019agit d\u2019une ceinture toute particuli\u00e8re car Albert obtient son grade de 1er dan \u00e0 l\u2019\u00e2ge de 68 ans et a commenc\u00e9 le judo \u00e0 53 ans en 1997 au sein de notre club. Apr\u00e8s plusieurs ann\u00e9es pass\u00e9es en tant que ceinture marron cette id\u00e9e de passer sa ceinture noire a germ\u00e9e.Et il y a deux ans l a d\u00e9cision a \u00e9t\u00e9 prise. Gr\u00e2ce \u00e0 un travail r\u00e9gulier, avec pers\u00e9v\u00e9rance et motivation, accompagn\u00e9 par les professeurs de Maisse dont principalement Andr\u00e9 Reby mais aussi Jean Bernard Carrere du club de Morigny pour la partie Ju-Jitsu, Albert a atteint son objectif.<\/td>\n<td><\/td>\n<\/tr>\n<\/tbody>\n<\/table>\n","protected":false},"excerpt":{"rendered":"<p>LES CEINTURES NOIRES 1er Dan pass\u00e9es au club BISSON Chrystelle DAVID Andr\u00e9 DAVID Henri PERY Guillaume VENET Charlotte BAZIZ Amandine PERY Mathieu DENEJUVILLE Emilie CASSET St\u00e9phane FUMOUX Ludovic GAUDIN Vincent <a class=\"more-link\" href=\"https:\/\/jcmaisse.fr\/index.php\/les-ceintures-noires\/\">Lire la suite \u2192<\/a><\/p>\n","protected":false},"author":1,"featured_media":0,"parent":0,"menu_order":0,"comment_status":"closed","ping_status":"closed","template":"","meta":{"ngg_post_thumbnail":0,"jetpack_post_was_ever_published":false,"footnotes":""},"class_list":["post-158","page","type-page","status-publish","hentry"],"jetpack_sharing_enabled":true,"jetpack_shortlink":"https:\/\/wp.me\/P9pUva-2y","jetpack_likes_enabled":true,"jetpack-related-posts":[],"_links":{"self":[{"href":"https:\/\/jcmaisse.fr\/index.php\/wp-json\/wp\/v2\/pages\/158","targetHints":{"allow":["GET"]}}],"collection":[{"href":"https:\/\/jcmaisse.fr\/index.php\/wp-json\/wp\/v2\/pages"}],"about":[{"href":"https:\/\/jcmaisse.fr\/index.php\/wp-json\/wp\/v2\/types\/page"}],"author":[{"embeddable":true,"href":"https:\/\/jcmaisse.fr\/index.php\/wp-json\/wp\/v2\/users\/1"}],"replies":[{"embeddable":true,"href":"https:\/\/jcmaisse.fr\/index.php\/wp-json\/wp\/v2\/comments?post=158"}],"version-history":[{"count":22,"href":"https:\/\/jcmaisse.fr\/index.php\/wp-json\/wp\/v2\/pages\/158\/revisions"}],"predecessor-version":[{"id":2879,"href":"https:\/\/jcmaisse.fr\/index.php\/wp-json\/wp\/v2\/pages\/158\/revisions\/2879"}],"wp:attachment":[{"href":"https:\/\/jcmaisse.fr\/index.php\/wp-json\/wp\/v2\/media?parent=158"}],"curies":[{"name":"wp","href":"https:\/\/api.w.org\/{rel}","templated":true}]}}